{"id":529,"date":"2023-05-12T14:27:36","date_gmt":"2023-05-12T17:27:36","guid":{"rendered":"https:\/\/marinhomultimarcas.com\/novo\/?page_id=529"},"modified":"2023-08-03T13:55:49","modified_gmt":"2023-08-03T16:55:49","slug":"ficha-de-financiamento","status":"publish","type":"page","link":"https:\/\/leomotorsveiculos.com.br\/novo\/ficha-de-financiamento\/","title":{"rendered":"Ficha de Financiamento"},"content":{"rendered":"\t\t<div data-elementor-type=\"wp-page\" data-elementor-id=\"529\" class=\"elementor elementor-529\">\n\t\t\t\t\t\t\t\t\t<section class=\"elementor-section elementor-top-section elementor-element elementor-element-f5b7fbc elementor-section-boxed elementor-section-height-default elementor-section-height-default\" data-id=\"f5b7fbc\" data-element_type=\"section\">\n\t\t\t\t\t\t<div class=\"elementor-container elementor-column-gap-wider\">\n\t\t\t\t\t<div class=\"elementor-column elementor-col-100 elementor-top-column elementor-element elementor-element-1311e54\" data-id=\"1311e54\" data-element_type=\"column\">\n\t\t\t<div class=\"elementor-widget-wrap elementor-element-populated\">\n\t\t\t\t\t\t\t\t<div class=\"elementor-element elementor-element-c8288c1 elementor-widget elementor-widget-heading\" data-id=\"c8288c1\" data-element_type=\"widget\" data-widget_type=\"heading.default\">\n\t\t\t\t<div class=\"elementor-widget-container\">\n\t\t\t<style>\/*! elementor - v3.14.0 - 26-06-2023 *\/\n.elementor-heading-title{padding:0;margin:0;line-height:1}.elementor-widget-heading .elementor-heading-title[class*=elementor-size-]>a{color:inherit;font-size:inherit;line-height:inherit}.elementor-widget-heading .elementor-heading-title.elementor-size-small{font-size:15px}.elementor-widget-heading .elementor-heading-title.elementor-size-medium{font-size:19px}.elementor-widget-heading .elementor-heading-title.elementor-size-large{font-size:29px}.elementor-widget-heading .elementor-heading-title.elementor-size-xl{font-size:39px}.elementor-widget-heading .elementor-heading-title.elementor-size-xxl{font-size:59px}<\/style><h2 class=\"elementor-heading-title elementor-size-default\">FICHA DE FINANCIAMENTO<\/h2>\t\t<\/div>\n\t\t\t\t<\/div>\n\t\t\t\t\t<\/div>\n\t\t<\/div>\n\t\t\t\t\t\t\t<\/div>\n\t\t<\/section>\n\t\t\t\t<section class=\"elementor-section elementor-top-section elementor-element elementor-element-990e27e elementor-section-boxed elementor-section-height-default elementor-section-height-default\" data-id=\"990e27e\" data-element_type=\"section\">\n\t\t\t\t\t\t<div class=\"elementor-container elementor-column-gap-default\">\n\t\t\t\t\t<div class=\"elementor-column elementor-col-100 elementor-top-column elementor-element elementor-element-1d1df49\" data-id=\"1d1df49\" data-element_type=\"column\">\n\t\t\t<div class=\"elementor-widget-wrap elementor-element-populated\">\n\t\t\t\t\t\t\t\t<div class=\"elementor-element elementor-element-bdd0c62 elementor-widget elementor-widget-shortcode\" data-id=\"bdd0c62\" data-element_type=\"widget\" data-widget_type=\"shortcode.default\">\n\t\t\t\t<div class=\"elementor-widget-container\">\n\t\t\t\t\t<div class=\"elementor-shortcode\"><div class=\"everest-forms\"><div class=\"evf-container layout-two\" id=\"evf-528\"><form id=\"evf-form-528\" class=\"everest-form\" data-formid=\"528\" data-ajax_submission=\"1\" data-keyboard_friendly_form=\"0\" method=\"post\" enctype=\"multipart\/form-data\" action=\"\/novo\/wp-json\/wp\/v2\/pages\/529\"><div class=\"evf-field-container\"><input type=\"hidden\" id=\"_wpnonce528\" name=\"_wpnonce528\" value=\"afc3430ba3\" \/><input type=\"hidden\" name=\"_wp_http_referer\" value=\"\/novo\/wp-json\/wp\/v2\/pages\/529\" \/><div class=\"evf-frontend-row\" data-row=\"row_1\" conditional_rules=\"[]\"><div class=\"evf-frontend-grid evf-grid-3\" data-grid=\"grid_1\"><div id=\"evf-528-field_YGFoZenVgq-1-container\" class=\"evf-field evf-field-first-name form-row validate-required\" data-required-field-message=\"This field is required.\" data-field-id=\"YGFoZenVgq-1\"><label class=\"evf-field-label\" for=\"evf-528-field_YGFoZenVgq-1\"><span class=\"evf-label\">Ve\u00edculo<\/span> <abbr class=\"required\" title=\"Required\">*<\/abbr><\/label><input type=\"text\" id=\"evf-528-field_YGFoZenVgq-1\" class=\"input-text\" name=\"everest_forms[form_fields][YGFoZenVgq-1]\" required><\/div><\/div><div class=\"evf-frontend-grid evf-grid-3\" data-grid=\"grid_2\"><div id=\"evf-528-field_cgrgWBfgeE-5-container\" class=\"evf-field evf-field-last-name form-row validate-required\" data-required-field-message=\"This field is required.\" data-field-id=\"cgrgWBfgeE-5\"><label class=\"evf-field-label\" for=\"evf-528-field_cgrgWBfgeE-5\"><span class=\"evf-label\">Valor<\/span> <abbr class=\"required\" title=\"Required\">*<\/abbr><\/label><input type=\"text\" id=\"evf-528-field_cgrgWBfgeE-5\" class=\"input-text\" name=\"everest_forms[form_fields][cgrgWBfgeE-5]\" required><\/div><\/div><div class=\"evf-frontend-grid evf-grid-3\" data-grid=\"grid_3\"><div id=\"evf-528-field_c6Cazs45Ni-12-container\" class=\"evf-field evf-field-select form-row\" data-field-id=\"c6Cazs45Ni-12\"><label class=\"evf-field-label\" for=\"evf-528-field_c6Cazs45Ni-12\"><span class=\"evf-label\">Prazo<\/span> <\/label><select id=\"evf-528-field_c6Cazs45Ni-12\" class=\"input-text\" name=\"everest_forms[form_fields][c6Cazs45Ni-12]\" ><option value=\"12\" >12<\/option><option value=\"24\" >24<\/option><option value=\"36\" >36<\/option><option value=\"48\" >48<\/option><option value=\"60\" >60<\/option><\/select><\/div><\/div><\/div><div class=\"evf-frontend-row\" data-row=\"row_2\" conditional_rules=\"[]\"><div class=\"evf-frontend-grid evf-grid-2\" data-grid=\"grid_1\"><div id=\"evf-528-field_Ei76iNp1kQ-2-container\" class=\"evf-field evf-field-email form-row validate-required validate-email\" data-required-field-message=\"Please enter a valid email address.\" data-field-id=\"Ei76iNp1kQ-2\"><label class=\"evf-field-label\" for=\"evf-528-field_Ei76iNp1kQ-2\"><span class=\"evf-label\">Email<\/span> <abbr class=\"required\" title=\"Required\">*<\/abbr><\/label><input type=\"email\" id=\"evf-528-field_Ei76iNp1kQ-2\" class=\"input-text\" name=\"everest_forms[form_fields][Ei76iNp1kQ-2]\" required ><\/div><\/div><div class=\"evf-frontend-grid evf-grid-2\" data-grid=\"grid_2\"><div id=\"evf-528-field_d5Dae42iJF-37-container\" class=\"evf-field evf-field-first-name form-row validate-required\" data-required-field-message=\"This field is required.\" data-field-id=\"d5Dae42iJF-37\"><label class=\"evf-field-label\" for=\"evf-528-field_d5Dae42iJF-37\"><span class=\"evf-label\">Nome completo<\/span> <abbr class=\"required\" title=\"Required\">*<\/abbr><\/label><input type=\"text\" id=\"evf-528-field_d5Dae42iJF-37\" class=\"input-text\" name=\"everest_forms[form_fields][d5Dae42iJF-37]\" required><\/div><\/div><\/div><div class=\"evf-frontend-row\" data-row=\"row_4\" conditional_rules=\"[]\"><div class=\"evf-frontend-grid evf-grid-4\" data-grid=\"grid_1\"><div id=\"evf-528-field_2TyMv7FfIT-15-container\" class=\"evf-field evf-field-select form-row\" data-field-id=\"2TyMv7FfIT-15\"><label class=\"evf-field-label\" for=\"evf-528-field_2TyMv7FfIT-15\"><span class=\"evf-label\">Sexo<\/span> <\/label><select id=\"evf-528-field_2TyMv7FfIT-15\" class=\"input-text\" name=\"everest_forms[form_fields][2TyMv7FfIT-15]\" ><option value=\"Masculino\" >Masculino<\/option><option value=\"Feminino\" >Feminino<\/option><option value=\"Prefiro n\u00e3o informar\" >Prefiro n\u00e3o informar<\/option><\/select><\/div><\/div><div class=\"evf-frontend-grid evf-grid-4\" data-grid=\"grid_2\"><div id=\"evf-528-field_ftBwnH6G7D-17-container\" class=\"evf-field evf-field-date-time form-row\" data-field-id=\"ftBwnH6G7D-17\"><label class=\"evf-field-label\" for=\"evf-528-field_ftBwnH6G7D-17\"><span class=\"evf-label\">Data de Nascimento<\/span> <\/label><input type=\"text\" id=\"evf-528-field_ftBwnH6G7D-17\" class=\"flatpickr-field input-text\" name=\"everest_forms[form_fields][ftBwnH6G7D-17]\" data-time-interval=\"15\" data-date-time=\"date\" data-mode=\"single\" data-locale=\"en\" data-date-format=\"Y-m-d\"  ><\/div><\/div><div class=\"evf-frontend-grid evf-grid-4\" data-grid=\"grid_3\"><div id=\"evf-528-field_YrNRduXqlD-19-container\" class=\"evf-field evf-field-number form-row\" data-field-id=\"YrNRduXqlD-19\"><label class=\"evf-field-label\" for=\"evf-528-field_YrNRduXqlD-19\"><span class=\"evf-label\">Telefone celular<\/span> <\/label><input type=\"number\" id=\"evf-528-field_YrNRduXqlD-19\" class=\"input-text\" name=\"everest_forms[form_fields][YrNRduXqlD-19]\" \/><\/div><\/div><div class=\"evf-frontend-grid evf-grid-4\" data-grid=\"grid_4\"><div id=\"evf-528-field_pzIxIKfQ5K-20-container\" class=\"evf-field evf-field-number form-row\" data-field-id=\"pzIxIKfQ5K-20\"><label class=\"evf-field-label\" for=\"evf-528-field_pzIxIKfQ5K-20\"><span class=\"evf-label\">Telefone fixo<\/span> <\/label><input type=\"number\" id=\"evf-528-field_pzIxIKfQ5K-20\" class=\"input-text\" name=\"everest_forms[form_fields][pzIxIKfQ5K-20]\" \/><\/div><\/div><\/div><div class=\"evf-frontend-row\" data-row=\"row_6\" conditional_rules=\"[]\"><div class=\"evf-frontend-grid evf-grid-3\" data-grid=\"grid_1\"><div id=\"evf-528-field_a3UfP2Qeh4-25-container\" class=\"evf-field evf-field-number form-row validate-required\" data-required-field-message=\"Please enter a valid number.\" data-field-id=\"a3UfP2Qeh4-25\"><label class=\"evf-field-label\" for=\"evf-528-field_a3UfP2Qeh4-25\"><span class=\"evf-label\">CPF<\/span> <abbr class=\"required\" title=\"Required\">*<\/abbr><\/label><input type=\"number\" id=\"evf-528-field_a3UfP2Qeh4-25\" class=\"input-text\" name=\"everest_forms[form_fields][a3UfP2Qeh4-25]\" required\/><\/div><\/div><div class=\"evf-frontend-grid evf-grid-3\" data-grid=\"grid_2\"><div id=\"evf-528-field_2Ucskasks8-26-container\" class=\"evf-field evf-field-number form-row validate-required\" data-required-field-message=\"Please enter a valid number.\" data-field-id=\"2Ucskasks8-26\"><label class=\"evf-field-label\" for=\"evf-528-field_2Ucskasks8-26\"><span class=\"evf-label\">RG<\/span> <abbr class=\"required\" title=\"Required\">*<\/abbr><\/label><input type=\"number\" id=\"evf-528-field_2Ucskasks8-26\" class=\"input-text\" name=\"everest_forms[form_fields][2Ucskasks8-26]\" required\/><\/div><\/div><div class=\"evf-frontend-grid evf-grid-3\" data-grid=\"grid_3\"><div id=\"evf-528-field_hna5hcJWl5-23-container\" class=\"evf-field evf-field-number form-row validate-required\" data-required-field-message=\"Please enter a valid number.\" data-field-id=\"hna5hcJWl5-23\"><label class=\"evf-field-label\" for=\"evf-528-field_hna5hcJWl5-23\"><span class=\"evf-label\">CNH<\/span> <abbr class=\"required\" title=\"Required\">*<\/abbr><\/label><input type=\"number\" id=\"evf-528-field_hna5hcJWl5-23\" class=\"input-text\" name=\"everest_forms[form_fields][hna5hcJWl5-23]\" required\/><\/div><\/div><\/div><div class=\"evf-frontend-row\" data-row=\"row_7\" conditional_rules=\"[]\"><div class=\"evf-frontend-grid evf-grid-3\" data-grid=\"grid_1\"><div id=\"evf-528-field_M0FMScpBhH-27-container\" class=\"evf-field evf-field-first-name form-row\" data-field-id=\"M0FMScpBhH-27\"><label class=\"evf-field-label\" for=\"evf-528-field_M0FMScpBhH-27\"><span class=\"evf-label\">Naturalidade<\/span> <\/label><input type=\"text\" id=\"evf-528-field_M0FMScpBhH-27\" class=\"input-text\" name=\"everest_forms[form_fields][M0FMScpBhH-27]\" ><div class=\"evf-field-description\">UF\/Cidade<\/div><\/div><\/div><div class=\"evf-frontend-grid evf-grid-3\" data-grid=\"grid_2\"><div id=\"evf-528-field_UA5TIFvhPX-29-container\" class=\"evf-field evf-field-first-name form-row\" data-field-id=\"UA5TIFvhPX-29\"><label class=\"evf-field-label\" for=\"evf-528-field_UA5TIFvhPX-29\"><span class=\"evf-label\">CEP residencial<\/span> <\/label><input type=\"text\" id=\"evf-528-field_UA5TIFvhPX-29\" class=\"input-text\" name=\"everest_forms[form_fields][UA5TIFvhPX-29]\" ><\/div><\/div><div class=\"evf-frontend-grid evf-grid-3\" data-grid=\"grid_3\"><div id=\"evf-528-field_gJzoXuVuyO-30-container\" class=\"evf-field evf-field-first-name form-row\" data-field-id=\"gJzoXuVuyO-30\"><label class=\"evf-field-label\" for=\"evf-528-field_gJzoXuVuyO-30\"><span class=\"evf-label\">Complemento<\/span> <\/label><input type=\"text\" id=\"evf-528-field_gJzoXuVuyO-30\" class=\"input-text\" name=\"everest_forms[form_fields][gJzoXuVuyO-30]\" ><div class=\"evf-field-description\">n\u00ba, apto, bloco<\/div><\/div><\/div><\/div><div class=\"evf-frontend-row\" data-row=\"row_8\" conditional_rules=\"[]\"><div class=\"evf-frontend-grid evf-grid-4\" data-grid=\"grid_1\"><div id=\"evf-528-field_VvWbSz8cBt-31-container\" class=\"evf-field evf-field-first-name form-row\" data-field-id=\"VvWbSz8cBt-31\"><label class=\"evf-field-label\" for=\"evf-528-field_VvWbSz8cBt-31\"><span class=\"evf-label\">Profiss\u00e3o<\/span> <\/label><input type=\"text\" id=\"evf-528-field_VvWbSz8cBt-31\" class=\"input-text\" name=\"everest_forms[form_fields][VvWbSz8cBt-31]\" ><\/div><\/div><div class=\"evf-frontend-grid evf-grid-4\" data-grid=\"grid_2\"><div id=\"evf-528-field_nzsnIbCJpB-32-container\" class=\"evf-field evf-field-first-name form-row\" data-field-id=\"nzsnIbCJpB-32\"><label class=\"evf-field-label\" for=\"evf-528-field_nzsnIbCJpB-32\"><span class=\"evf-label\">Cargo<\/span> <\/label><input type=\"text\" id=\"evf-528-field_nzsnIbCJpB-32\" class=\"input-text\" name=\"everest_forms[form_fields][nzsnIbCJpB-32]\" ><\/div><\/div><div class=\"evf-frontend-grid evf-grid-4\" data-grid=\"grid_3\"><div id=\"evf-528-field_x99GEIZpkw-33-container\" class=\"evf-field evf-field-first-name form-row\" data-field-id=\"x99GEIZpkw-33\"><label class=\"evf-field-label\" for=\"evf-528-field_x99GEIZpkw-33\"><span class=\"evf-label\">Renda mensal<\/span> <\/label><input type=\"text\" id=\"evf-528-field_x99GEIZpkw-33\" class=\"input-text\" name=\"everest_forms[form_fields][x99GEIZpkw-33]\" ><\/div><\/div><div class=\"evf-frontend-grid evf-grid-4\" data-grid=\"grid_4\"><div id=\"evf-528-field_um6x9lkZkd-34-container\" class=\"evf-field evf-field-select form-row\" data-field-id=\"um6x9lkZkd-34\"><label class=\"evf-field-label\" for=\"evf-528-field_um6x9lkZkd-34\"><span class=\"evf-label\">Natureza da ocupa\u00e7\u00e3o<\/span> <\/label><select id=\"evf-528-field_um6x9lkZkd-34\" class=\"input-text\" name=\"everest_forms[form_fields][um6x9lkZkd-34]\" ><option value=\"Assalariado\" >Assalariado<\/option><option value=\"Empres\u00e1rio\" >Empres\u00e1rio<\/option><option value=\"Autonomo\" >Autonomo<\/option><option value=\"Funcion\u00e1rio p\u00fablico\" >Funcion\u00e1rio p\u00fablico<\/option><\/select><\/div><\/div><\/div><div class=\"evf-frontend-row\" data-row=\"row_9\" conditional_rules=\"[]\"><div class=\"evf-frontend-grid evf-grid-2\" data-grid=\"grid_1\"><div id=\"evf-528-field_oE02j6L3Gz-35-container\" class=\"evf-field evf-field-first-name form-row\" data-field-id=\"oE02j6L3Gz-35\"><label class=\"evf-field-label\" for=\"evf-528-field_oE02j6L3Gz-35\"><span class=\"evf-label\">Nome da m\u00e3e<\/span> <\/label><input type=\"text\" id=\"evf-528-field_oE02j6L3Gz-35\" class=\"input-text\" name=\"everest_forms[form_fields][oE02j6L3Gz-35]\" ><\/div><\/div><div class=\"evf-frontend-grid evf-grid-2\" data-grid=\"grid_2\"><\/div><\/div><div class=\"evf-frontend-row\" data-row=\"row_10\" conditional_rules=\"[]\"><div class=\"evf-frontend-grid evf-grid-1\" data-grid=\"grid_1\"><div id=\"evf-528-field_0948lZKDMx-36-container\" class=\"evf-field evf-field-checkbox form-row validate-required\" data-required-field-message=\"This field is required.\" data-field-id=\"0948lZKDMx-36\"><label class=\"evf-field-label evf-label-hide\" for=\"evf-528-field_0948lZKDMx-36\"><span class=\"evf-label\">Cientes<\/span> <abbr class=\"required\" title=\"Required\">*<\/abbr><\/label><ul id=\"evf-528-field_0948lZKDMx-36\" class=\" evf-field-required\"><li class=\"choice-1 depth-1\"><input type=\"checkbox\" id=\"evf-528-field_0948lZKDMx-36_1\" class=\"input-text\" name=\"everest_forms[form_fields][0948lZKDMx-36][]\" value=\"Concordo em enviar meus dados para uma pr\u00e9-analise e que meu financiamento depende de aprova\u00e7\u00e3o\" required ><label class=\"everest-forms-field-label-inline\" for=\"evf-528-field_0948lZKDMx-36_1\">Concordo em enviar meus dados para uma pr\u00e9-analise e que meu financiamento depende de aprova\u00e7\u00e3o<\/label><\/li><\/ul><\/div><\/div><\/div><\/div><div class=\"evf-honeypot-container evf-field-hp\"><label for=\"evf-528-field-hp\" class=\"evf-field-label\">Phone<\/label><input type=\"text\" name=\"everest_forms[hp]\" id=\"evf-528-field-hp\" class=\"input-text\"><\/div><div class=\"evf-submit-container \" ><input type=\"hidden\" name=\"everest_forms[id]\" value=\"528\"><input type=\"hidden\" name=\"everest_forms[author]\" value=\"1\"><button type='submit' name='everest_forms[submit]' class='everest-forms-submit-button button evf-submit ' id='evf-submit-528' value='evf-submit' data-process-text=\"Enviando\u2026\" conditional_rules='&quot;&quot;' conditional_id='evf-submit-528'  id=\"evf-submit-528\" aria-live=\"assertive\">Enviar<\/button><\/div><\/form><\/div><!-- .evf-container --><\/div> <\/div>\n\t\t\t\t<\/div>\n\t\t\t\t<\/div>\n\t\t\t\t\t<\/div>\n\t\t<\/div>\n\t\t\t\t\t\t\t<\/div>\n\t\t<\/section>\n\t\t\t\t<section class=\"elementor-section elementor-top-section elementor-element elementor-element-24d9a517 elementor-section-boxed elementor-section-height-default elementor-section-height-default\" data-id=\"24d9a517\" data-element_type=\"section\">\n\t\t\t\t\t\t<div class=\"elementor-container elementor-column-gap-wider\">\n\t\t\t\t\t<div class=\"elementor-column elementor-col-100 elementor-top-column elementor-element elementor-element-63472232\" data-id=\"63472232\" data-element_type=\"column\">\n\t\t\t<div class=\"elementor-widget-wrap elementor-element-populated\">\n\t\t\t\t\t\t\t\t<div class=\"elementor-element elementor-element-28d47b6a elementor-widget elementor-widget-heading\" data-id=\"28d47b6a\" data-element_type=\"widget\" data-widget_type=\"heading.default\">\n\t\t\t\t<div class=\"elementor-widget-container\">\n\t\t\t<h2 class=\"elementor-heading-title elementor-size-default\">NOVIDADES NO ESTOQUE<\/h2>\t\t<\/div>\n\t\t\t\t<\/div>\n\t\t\t\t<div class=\"elementor-element elementor-element-251cee4e novidades elementor-widget elementor-widget-shortcode\" data-id=\"251cee4e\" data-element_type=\"widget\" data-widget_type=\"shortcode.default\">\n\t\t\t\t<div class=\"elementor-widget-container\">\n\t\t\t\t\t<div class=\"elementor-shortcode\">\t\t\n\t\t<ul class=\"auto-listings-items grid-view\">\n<li class=\"col-3 post-12246 auto-listing type-auto-listing status-publish auto-listing-12246 has-thumbnail\">\n\t\n<div class=\"image\">\n\t<a href=\"https:\/\/leomotorsveiculos.com.br\/novo\/listing\/outlander\/\" title=\"OUTLANDER\">\n\n\t\t\n\t\t\t\t\t<span style=\"background:#5ba533;\" class=\"highlight-new\">\n\t\t\t\t<i class=\"fa fa-star\"><\/i> Novo An\u00fancio\t\t\t<\/span>\n\t\t\n\t\t<img decoding=\"async\" alt=\"\" src=\"https:\/\/leomotorsveiculos.com.br\/novo\/wp-content\/uploads\/2026\/05\/WhatsApp-Image-2026-05-04-at-11.14.10-2-400x250.jpeg\" \/>\n\n\t<\/a>\n<\/div>\n\n<div class=\"at-a-glance\">\n\t<ul>\n\t\t\t<li class=\"odomoter\"><i class=\"icofont icofont-speed-meter\"><\/i> 119.000 km<\/li>\n\t\t\t\t<li class=\"transmission\"><i class=\"fa fa-calendar-o\"><\/i> 2015<\/li>\n\t\t\t\t\t<li class=\"transmission\"><i class=\"auto-icon-gasoline\"><\/i> GASOLINA<\/li>\n\t\t<\/ul>\n\n<\/div>\n\t<div class=\"summary\">\n\n\t\n<h3 class=\"title\">\n\t<a href=\"https:\/\/leomotorsveiculos.com.br\/novo\/listing\/outlander\/\" title=\"OUTLANDER\">\n\t\t<span style=\"font-size:0.8rem; margin-bottom: -5px; letter-spacing: 0.2rem;\">MITSUBISHI<\/span><br>\n\t\tOUTLANDER 2.0 16V GASOLINA\t<\/a>\n<\/h3>\n\n<div class=\"at-a-glance\">\n\t<ul>\n\t\t\t<li class=\"odomoter\"><i class=\"icofont icofont-speed-meter\"><\/i> 119.000 km<\/li>\n\t\t\t\t<li class=\"transmission\"><i class=\"fa fa-calendar-o\"><\/i> 2015<\/li>\n\t\t\t\t\t<li class=\"transmission\"><i class=\"auto-icon-gasoline\"><\/i> GASOLINA<\/li>\n\t\t<\/ul>\n\n<\/div>\n<span class=\"price\"><span class=\"price-amount\"><span class=\"currency-symbol\">R$<\/span>79.800<\/span> <\/span>\n\n<div class=\"bottom-wrap\">\n\t<a class=\"al-button\" href=\"https:\/\/leomotorsveiculos.com.br\/novo\/listing\/outlander\/\" title=\"View OUTLANDER\">Detalhes\t<\/a>\n<\/div>\n\n\t<\/div>\n\n\t\n<\/li>\n\n<li class=\"col-3 post-12234 auto-listing type-auto-listing status-publish auto-listing-12234 has-thumbnail\">\n\t\n<div class=\"image\">\n\t<a href=\"https:\/\/leomotorsveiculos.com.br\/novo\/listing\/hrv\/\" title=\"HRV\">\n\n\t\t\n\t\t\t\t\t<span style=\"background:#5ba533;\" class=\"highlight-new\">\n\t\t\t\t<i class=\"fa fa-star\"><\/i> Novo An\u00fancio\t\t\t<\/span>\n\t\t\n\t\t<img decoding=\"async\" alt=\"\" src=\"https:\/\/leomotorsveiculos.com.br\/novo\/wp-content\/uploads\/2026\/05\/WhatsApp-Image-2026-05-02-at-11.56.02-400x250.jpeg\" \/>\n\n\t<\/a>\n<\/div>\n\n<div class=\"at-a-glance\">\n\t<ul>\n\t\t\t<li class=\"odomoter\"><i class=\"icofont icofont-speed-meter\"><\/i> 21.000 km<\/li>\n\t\t\t\t<li class=\"transmission\"><i class=\"fa fa-calendar-o\"><\/i> 2024<\/li>\n\t\t\t\t\t<li class=\"transmission\"><i class=\"auto-icon-gasoline\"><\/i> HIBRIDO<\/li>\n\t\t<\/ul>\n\n<\/div>\n\t<div class=\"summary\">\n\n\t\n<h3 class=\"title\">\n\t<a href=\"https:\/\/leomotorsveiculos.com.br\/novo\/listing\/hrv\/\" title=\"HRV\">\n\t\t<span style=\"font-size:0.8rem; margin-bottom: -5px; letter-spacing: 0.2rem;\">HONDA<\/span><br>\n\t\tCRV 2.0 E:HEV ADVANCE E-CVT\t<\/a>\n<\/h3>\n\n<div class=\"at-a-glance\">\n\t<ul>\n\t\t\t<li class=\"odomoter\"><i class=\"icofont icofont-speed-meter\"><\/i> 21.000 km<\/li>\n\t\t\t\t<li class=\"transmission\"><i class=\"fa fa-calendar-o\"><\/i> 2024<\/li>\n\t\t\t\t\t<li class=\"transmission\"><i class=\"auto-icon-gasoline\"><\/i> HIBRIDO<\/li>\n\t\t<\/ul>\n\n<\/div>\n<span class=\"price\"><span class=\"price-amount\"><span class=\"currency-symbol\">R$<\/span>264.800<\/span> <\/span>\n\n<div class=\"bottom-wrap\">\n\t<a class=\"al-button\" href=\"https:\/\/leomotorsveiculos.com.br\/novo\/listing\/hrv\/\" title=\"View HRV\">Detalhes\t<\/a>\n<\/div>\n\n\t<\/div>\n\n\t\n<\/li>\n\n<li class=\"col-3 post-12222 auto-listing type-auto-listing status-publish auto-listing-12222 has-thumbnail\">\n\t\n<div class=\"image\">\n\t<a href=\"https:\/\/leomotorsveiculos.com.br\/novo\/listing\/maverick-bege\/\" title=\"maverick bege\">\n\n\t\t\t\t\t<span style=\"background:#1e73be;color:#ffffff\" class=\"status Baixa Km\">\n\t\t\t\t\t\t\t\t<i class=\"auto-icon-odometer\"><\/i>\n\t\t\t\t\t\t\t\tBaixa Km\t\t\t<\/span>\n\t\t\n\t\t\n\t\t<img decoding=\"async\" alt=\"\" src=\"https:\/\/leomotorsveiculos.com.br\/novo\/wp-content\/uploads\/2026\/04\/WhatsApp-Image-2026-04-27-at-15.08.32-400x250.jpeg\" \/>\n\n\t<\/a>\n<\/div>\n\n<div class=\"at-a-glance\">\n\t<ul>\n\t\t\t<li class=\"odomoter\"><i class=\"icofont icofont-speed-meter\"><\/i> 31.000 km<\/li>\n\t\t\t\t<li class=\"transmission\"><i class=\"fa fa-calendar-o\"><\/i> 2024<\/li>\n\t\t\t\t\t<li class=\"transmission\"><i class=\"auto-icon-gasoline\"><\/i> GASOLINA<\/li>\n\t\t<\/ul>\n\n<\/div>\n\t<div class=\"summary\">\n\n\t\n<h3 class=\"title\">\n\t<a href=\"https:\/\/leomotorsveiculos.com.br\/novo\/listing\/maverick-bege\/\" title=\"maverick bege\">\n\t\t<span style=\"font-size:0.8rem; margin-bottom: -5px; letter-spacing: 0.2rem;\">FORD<\/span><br>\n\t\tMAVERICK 2.0 ECOBOOST LARIAT FX4 GASOLINA \t<\/a>\n<\/h3>\n\n<div class=\"at-a-glance\">\n\t<ul>\n\t\t\t<li class=\"odomoter\"><i class=\"icofont icofont-speed-meter\"><\/i> 31.000 km<\/li>\n\t\t\t\t<li class=\"transmission\"><i class=\"fa fa-calendar-o\"><\/i> 2024<\/li>\n\t\t\t\t\t<li class=\"transmission\"><i class=\"auto-icon-gasoline\"><\/i> GASOLINA<\/li>\n\t\t<\/ul>\n\n<\/div>\n<span class=\"price\"><span class=\"price-amount\"><span class=\"currency-symbol\">R$<\/span>179.800<\/span> <\/span>\n\n<div class=\"bottom-wrap\">\n\t<a class=\"al-button\" href=\"https:\/\/leomotorsveiculos.com.br\/novo\/listing\/maverick-bege\/\" title=\"View maverick bege\">Detalhes\t<\/a>\n<\/div>\n\n\t<\/div>\n\n\t\n<\/li>\n<\/ul><\/div>\n\t\t\t\t<\/div>\n\t\t\t\t<\/div>\n\t\t\t\t<div class=\"elementor-element elementor-element-74fed1fe elementor-align-center elementor-invisible elementor-widget elementor-widget-button\" data-id=\"74fed1fe\" data-element_type=\"widget\" data-settings=\"{&quot;_animation&quot;:&quot;bounceIn&quot;}\" data-widget_type=\"button.default\">\n\t\t\t\t<div class=\"elementor-widget-container\">\n\t\t\t\t\t<div class=\"elementor-button-wrapper\">\n\t\t\t<a class=\"elementor-button elementor-button-link elementor-size-md\" href=\"https:\/\/leomotorsveiculos.com.br\/novo\/veiculos-2\/\">\n\t\t\t\t\t\t<span class=\"elementor-button-content-wrapper\">\n\t\t\t\t\t\t<span class=\"elementor-button-text\">Veja nosso estoque completo<\/span>\n\t\t<\/span>\n\t\t\t\t\t<\/a>\n\t\t<\/div>\n\t\t\t\t<\/div>\n\t\t\t\t<\/div>\n\t\t\t\t\t<\/div>\n\t\t<\/div>\n\t\t\t\t\t\t\t<\/div>\n\t\t<\/section>\n\t\t\t\t\t\t\t<\/div>\n\t\t","protected":false},"excerpt":{"rendered":"<p>FICHA DE FINANCIAMENTO NOVIDADES NO ESTOQUE Veja nosso estoque completo<\/p>\n","protected":false},"author":1,"featured_media":0,"parent":0,"menu_order":0,"comment_status":"closed","ping_status":"closed","template":"elementor_header_footer","meta":{"footnotes":""},"class_list":["post-529","page","type-page","status-publish","hentry"],"aioseo_notices":[],"_links":{"self":[{"href":"https:\/\/leomotorsveiculos.com.br\/novo\/wp-json\/wp\/v2\/pages\/529","targetHints":{"allow":["GET"]}}],"collection":[{"href":"https:\/\/leomotorsveiculos.com.br\/novo\/wp-json\/wp\/v2\/pages"}],"about":[{"href":"https:\/\/leomotorsveiculos.com.br\/novo\/wp-json\/wp\/v2\/types\/page"}],"author":[{"embeddable":true,"href":"https:\/\/leomotorsveiculos.com.br\/novo\/wp-json\/wp\/v2\/users\/1"}],"replies":[{"embeddable":true,"href":"https:\/\/leomotorsveiculos.com.br\/novo\/wp-json\/wp\/v2\/comments?post=529"}],"version-history":[{"count":3,"href":"https:\/\/leomotorsveiculos.com.br\/novo\/wp-json\/wp\/v2\/pages\/529\/revisions"}],"predecessor-version":[{"id":2703,"href":"https:\/\/leomotorsveiculos.com.br\/novo\/wp-json\/wp\/v2\/pages\/529\/revisions\/2703"}],"wp:attachment":[{"href":"https:\/\/leomotorsveiculos.com.br\/novo\/wp-json\/wp\/v2\/media?parent=529"}],"curies":[{"name":"wp","href":"https:\/\/api.w.org\/{rel}","templated":true}]}}