{"id":1678,"date":"2023-05-02T12:49:03","date_gmt":"2023-05-02T15:49:03","guid":{"rendered":"https:\/\/marinhomultimarcas.com\/novo\/?page_id=7"},"modified":"2023-08-01T15:40:05","modified_gmt":"2023-08-01T18:40:05","slug":"inicial-2","status":"publish","type":"page","link":"https:\/\/leomotorsveiculos.com.br\/novo\/","title":{"rendered":"Inicial"},"content":{"rendered":"\t\t<div data-elementor-type=\"wp-page\" data-elementor-id=\"1678\" class=\"elementor elementor-1678\">\n\t\t\t\t\t\t\t\t\t<section class=\"elementor-section elementor-top-section elementor-element elementor-element-a3f9b0c elementor-section-stretched elementor-section-content-bottom elementor-section-height-min-height elementor-section-items-bottom elementor-section-boxed elementor-section-height-default\" data-id=\"a3f9b0c\" data-element_type=\"section\" id=\"sub_menu\" data-settings=\"{&quot;stretch_section&quot;:&quot;section-stretched&quot;,&quot;background_background&quot;:&quot;video&quot;,&quot;background_video_link&quot;:&quot;https:\\\/\\\/novo.leomotorsveiculos.com.br\\\/wp-content\\\/uploads\\\/2023\\\/07\\\/HeaderVideoFotoniPhone.mp4&quot;,&quot;background_play_on_mobile&quot;:&quot;yes&quot;}\">\n\t\t\t\t\t\t\t\t<div class=\"elementor-background-video-container\">\n\t\t\t\t\t\t\t\t\t\t\t\t\t<video class=\"elementor-background-video-hosted elementor-html5-video\" autoplay muted playsinline loop><\/video>\n\t\t\t\t\t\t\t\t\t\t\t<\/div>\n\t\t\t\t\t\t\t\t\t<div class=\"elementor-background-overlay\"><\/div>\n\t\t\t\t\t\t\t<div class=\"elementor-container elementor-column-gap-default\">\n\t\t\t\t\t<div class=\"elementor-column elementor-col-100 elementor-top-column elementor-element elementor-element-d9d64fb\" data-id=\"d9d64fb\" data-element_type=\"column\">\n\t\t\t<div class=\"elementor-widget-wrap elementor-element-populated\">\n\t\t\t\t\t\t\t\t<section class=\"elementor-section elementor-inner-section elementor-element elementor-element-63dbaf1 elementor-hidden-desktop elementor-hidden-tablet elementor-hidden-mobile elementor-section-boxed elementor-section-height-default elementor-section-height-default\" data-id=\"63dbaf1\" data-element_type=\"section\">\n\t\t\t\t\t\t<div class=\"elementor-container elementor-column-gap-default\">\n\t\t\t\t\t<div class=\"elementor-column elementor-col-100 elementor-inner-column elementor-element elementor-element-356725a\" data-id=\"356725a\" data-element_type=\"column\">\n\t\t\t<div class=\"elementor-widget-wrap elementor-element-populated\">\n\t\t\t\t\t\t\t\t<div class=\"elementor-element elementor-element-431f18b tradicao elementor-widget elementor-widget-heading\" data-id=\"431f18b\" data-element_type=\"widget\" data-widget_type=\"heading.default\">\n\t\t\t\t<div class=\"elementor-widget-container\">\n\t\t\t<style>\/*! elementor - v3.14.0 - 26-06-2023 *\/\n.elementor-heading-title{padding:0;margin:0;line-height:1}.elementor-widget-heading .elementor-heading-title[class*=elementor-size-]>a{color:inherit;font-size:inherit;line-height:inherit}.elementor-widget-heading .elementor-heading-title.elementor-size-small{font-size:15px}.elementor-widget-heading .elementor-heading-title.elementor-size-medium{font-size:19px}.elementor-widget-heading .elementor-heading-title.elementor-size-large{font-size:29px}.elementor-widget-heading .elementor-heading-title.elementor-size-xl{font-size:39px}.elementor-widget-heading .elementor-heading-title.elementor-size-xxl{font-size:59px}<\/style><h2 class=\"elementor-heading-title elementor-size-default\"><span>PAIX\u00c3O POR AUTOM\u00d3VEIS<\/span><br><span class=\"sub-slogan\">\u00c9 O QUE NOS MOTIVA<\/span><\/h2>\t\t<\/div>\n\t\t\t\t<\/div>\n\t\t\t\t<div class=\"elementor-element elementor-element-ddb9d62 elementor-widget elementor-widget-shortcode\" data-id=\"ddb9d62\" data-element_type=\"widget\" data-widget_type=\"shortcode.default\">\n\t\t\t\t<div class=\"elementor-widget-container\">\n\t\t\t\t\t<div class=\"elementor-shortcode\"><style class=\"wpcode-css-snippet\">.site-header {\r\n    background: #e4e4e400 !important;\r\n    z-index: 100;\r\n}<\/style><\/div>\n\t\t\t\t<\/div>\n\t\t\t\t<\/div>\n\t\t\t\t\t<\/div>\n\t\t<\/div>\n\t\t\t\t\t\t\t<\/div>\n\t\t<\/section>\n\t\t\t\t<section class=\"elementor-section elementor-inner-section elementor-element elementor-element-1087c77 elementor-section-boxed elementor-section-height-default elementor-section-height-default\" data-id=\"1087c77\" data-element_type=\"section\">\n\t\t\t\t\t\t<div class=\"elementor-container elementor-column-gap-default\">\n\t\t\t\t\t<div class=\"elementor-column elementor-col-33 elementor-inner-column elementor-element elementor-element-2544d48\" data-id=\"2544d48\" data-element_type=\"column\">\n\t\t\t<div class=\"elementor-widget-wrap elementor-element-populated\">\n\t\t\t\t\t\t\t\t<div class=\"elementor-element elementor-element-649b9ca elementor-widget__width-inherit elementor-widget elementor-widget-text-editor\" data-id=\"649b9ca\" data-element_type=\"widget\" data-widget_type=\"text-editor.default\">\n\t\t\t\t<div class=\"elementor-widget-container\">\n\t\t\t<style>\/*! elementor - v3.14.0 - 26-06-2023 *\/\n.elementor-widget-text-editor.elementor-drop-cap-view-stacked .elementor-drop-cap{background-color:#69727d;color:#fff}.elementor-widget-text-editor.elementor-drop-cap-view-framed .elementor-drop-cap{color:#69727d;border:3px solid;background-color:transparent}.elementor-widget-text-editor:not(.elementor-drop-cap-view-default) .elementor-drop-cap{margin-top:8px}.elementor-widget-text-editor:not(.elementor-drop-cap-view-default) .elementor-drop-cap-letter{width:1em;height:1em}.elementor-widget-text-editor .elementor-drop-cap{float:left;text-align:center;line-height:1;font-size:50px}.elementor-widget-text-editor .elementor-drop-cap-letter{display:inline-block}<\/style>\t\t\t\t<a href=\"https:\/\/goo.gl\/maps\/omkq8efjdBRA4zVSA\" target=\"new\"><i class=\"fas fa-map-marked\"><\/i> Rua Maria Curupaiti, 441 Sala 3G &#8211; S\u00e3o Paulo &#8211; SP<\/a>\t\t\t\t\t\t<\/div>\n\t\t\t\t<\/div>\n\t\t\t\t\t<\/div>\n\t\t<\/div>\n\t\t\t\t<div class=\"elementor-column elementor-col-33 elementor-inner-column elementor-element elementor-element-114bf6a\" data-id=\"114bf6a\" data-element_type=\"column\">\n\t\t\t<div class=\"elementor-widget-wrap elementor-element-populated\">\n\t\t\t\t\t\t\t\t<div class=\"elementor-element elementor-element-764a1e0 elementor-widget__width-auto elementor-widget-mobile__width-auto elementor-widget elementor-widget-text-editor\" data-id=\"764a1e0\" data-element_type=\"widget\" data-widget_type=\"text-editor.default\">\n\t\t\t\t<div class=\"elementor-widget-container\">\n\t\t\t\t\t\t\t<a href=\"tel:01122490000\" target=\"new\"><i class=\"fas fa-phone-square-alt\"><\/i> \u00a0(11) 2249-0000<\/a>\t\t\t\t\t\t<\/div>\n\t\t\t\t<\/div>\n\t\t\t\t<div class=\"elementor-element elementor-element-3a4906b elementor-widget__width-auto elementor-hidden-desktop elementor-hidden-tablet elementor-hidden-mobile elementor-widget elementor-widget-text-editor\" data-id=\"3a4906b\" data-element_type=\"widget\" data-widget_type=\"text-editor.default\">\n\t\t\t\t<div class=\"elementor-widget-container\">\n\t\t\t\t\t\t\t|\t\t\t\t\t\t<\/div>\n\t\t\t\t<\/div>\n\t\t\t\t\t<\/div>\n\t\t<\/div>\n\t\t\t\t<div class=\"elementor-column elementor-col-33 elementor-inner-column elementor-element elementor-element-70eb71a\" data-id=\"70eb71a\" data-element_type=\"column\">\n\t\t\t<div class=\"elementor-widget-wrap elementor-element-populated\">\n\t\t\t\t\t\t\t\t<div class=\"elementor-element elementor-element-be4926a elementor-widget__width-auto whatsapp_barra elementor-widget elementor-widget-text-editor\" data-id=\"be4926a\" data-element_type=\"widget\" data-widget_type=\"text-editor.default\">\n\t\t\t\t<div class=\"elementor-widget-container\">\n\t\t\t\t\t\t\t<a class=\"whatsapp_barra\" href=\"https:\/\/wa.me\/+5511940018173\" target=\"new\">Fale conosco agora:\u00a0\u00a0<i class=\"fab fa-whatsapp\"><\/i> 11\u00a094001-8173<\/a>\t\t\t\t\t\t<\/div>\n\t\t\t\t<\/div>\n\t\t\t\t\t<\/div>\n\t\t<\/div>\n\t\t\t\t\t\t\t<\/div>\n\t\t<\/section>\n\t\t\t\t\t<\/div>\n\t\t<\/div>\n\t\t\t\t\t\t\t<\/div>\n\t\t<\/section>\n\t\t\t\t<section class=\"elementor-section elementor-top-section elementor-element elementor-element-9cff9bb elementor-section-boxed elementor-section-height-default elementor-section-height-default\" data-id=\"9cff9bb\" data-element_type=\"section\">\n\t\t\t\t\t\t<div class=\"elementor-container elementor-column-gap-wider\">\n\t\t\t\t\t<div class=\"elementor-column elementor-col-100 elementor-top-column elementor-element elementor-element-4cd959a\" data-id=\"4cd959a\" data-element_type=\"column\">\n\t\t\t<div class=\"elementor-widget-wrap elementor-element-populated\">\n\t\t\t\t\t\t\t\t<div class=\"elementor-element elementor-element-034a997 elementor-widget elementor-widget-heading\" data-id=\"034a997\" data-element_type=\"widget\" data-widget_type=\"heading.default\">\n\t\t\t\t<div class=\"elementor-widget-container\">\n\t\t\t<h2 class=\"elementor-heading-title elementor-size-default\">NOVIDADES NO ESTOQUE<\/h2>\t\t<\/div>\n\t\t\t\t<\/div>\n\t\t\t\t<div class=\"elementor-element elementor-element-9233f51 novidades elementor-widget elementor-widget-shortcode\" data-id=\"9233f51\" data-element_type=\"widget\" data-widget_type=\"shortcode.default\">\n\t\t\t\t<div class=\"elementor-widget-container\">\n\t\t\t\t\t<div class=\"elementor-shortcode\">\t\t\n\t\t<ul class=\"auto-listings-items grid-view\">\n<li class=\"col-3 post-12246 auto-listing type-auto-listing status-publish auto-listing-12246 has-thumbnail\">\n\t\n<div class=\"image\">\n\t<a href=\"https:\/\/leomotorsveiculos.com.br\/novo\/listing\/outlander\/\" title=\"OUTLANDER\">\n\n\t\t\n\t\t\t\t\t<span style=\"background:#5ba533;\" class=\"highlight-new\">\n\t\t\t\t<i class=\"fa fa-star\"><\/i> Novo An\u00fancio\t\t\t<\/span>\n\t\t\n\t\t<img decoding=\"async\" alt=\"\" src=\"https:\/\/leomotorsveiculos.com.br\/novo\/wp-content\/uploads\/2026\/05\/WhatsApp-Image-2026-05-04-at-11.14.10-2-400x250.jpeg\" \/>\n\n\t<\/a>\n<\/div>\n\n<div class=\"at-a-glance\">\n\t<ul>\n\t\t\t<li class=\"odomoter\"><i class=\"icofont icofont-speed-meter\"><\/i> 119.000 km<\/li>\n\t\t\t\t<li class=\"transmission\"><i class=\"fa fa-calendar-o\"><\/i> 2015<\/li>\n\t\t\t\t\t<li class=\"transmission\"><i class=\"auto-icon-gasoline\"><\/i> GASOLINA<\/li>\n\t\t<\/ul>\n\n<\/div>\n\t<div class=\"summary\">\n\n\t\n<h3 class=\"title\">\n\t<a href=\"https:\/\/leomotorsveiculos.com.br\/novo\/listing\/outlander\/\" title=\"OUTLANDER\">\n\t\t<span style=\"font-size:0.8rem; margin-bottom: -5px; letter-spacing: 0.2rem;\">MITSUBISHI<\/span><br>\n\t\tOUTLANDER 2.0 16V GASOLINA\t<\/a>\n<\/h3>\n\n<div class=\"at-a-glance\">\n\t<ul>\n\t\t\t<li class=\"odomoter\"><i class=\"icofont icofont-speed-meter\"><\/i> 119.000 km<\/li>\n\t\t\t\t<li class=\"transmission\"><i class=\"fa fa-calendar-o\"><\/i> 2015<\/li>\n\t\t\t\t\t<li class=\"transmission\"><i class=\"auto-icon-gasoline\"><\/i> GASOLINA<\/li>\n\t\t<\/ul>\n\n<\/div>\n<span class=\"price\"><span class=\"price-amount\"><span class=\"currency-symbol\">R$<\/span>79.800<\/span> <\/span>\n\n<div class=\"bottom-wrap\">\n\t<a class=\"al-button\" href=\"https:\/\/leomotorsveiculos.com.br\/novo\/listing\/outlander\/\" title=\"View OUTLANDER\">Detalhes\t<\/a>\n<\/div>\n\n\t<\/div>\n\n\t\n<\/li>\n\n<li class=\"col-3 post-12234 auto-listing type-auto-listing status-publish auto-listing-12234 has-thumbnail\">\n\t\n<div class=\"image\">\n\t<a href=\"https:\/\/leomotorsveiculos.com.br\/novo\/listing\/hrv\/\" title=\"HRV\">\n\n\t\t\n\t\t\t\t\t<span style=\"background:#5ba533;\" class=\"highlight-new\">\n\t\t\t\t<i class=\"fa fa-star\"><\/i> Novo An\u00fancio\t\t\t<\/span>\n\t\t\n\t\t<img decoding=\"async\" alt=\"\" src=\"https:\/\/leomotorsveiculos.com.br\/novo\/wp-content\/uploads\/2026\/05\/WhatsApp-Image-2026-05-02-at-11.56.02-400x250.jpeg\" \/>\n\n\t<\/a>\n<\/div>\n\n<div class=\"at-a-glance\">\n\t<ul>\n\t\t\t<li class=\"odomoter\"><i class=\"icofont icofont-speed-meter\"><\/i> 21.000 km<\/li>\n\t\t\t\t<li class=\"transmission\"><i class=\"fa fa-calendar-o\"><\/i> 2024<\/li>\n\t\t\t\t\t<li class=\"transmission\"><i class=\"auto-icon-gasoline\"><\/i> HIBRIDO<\/li>\n\t\t<\/ul>\n\n<\/div>\n\t<div class=\"summary\">\n\n\t\n<h3 class=\"title\">\n\t<a href=\"https:\/\/leomotorsveiculos.com.br\/novo\/listing\/hrv\/\" title=\"HRV\">\n\t\t<span style=\"font-size:0.8rem; margin-bottom: -5px; letter-spacing: 0.2rem;\">HONDA<\/span><br>\n\t\tCRV 2.0 E:HEV ADVANCE E-CVT\t<\/a>\n<\/h3>\n\n<div class=\"at-a-glance\">\n\t<ul>\n\t\t\t<li class=\"odomoter\"><i class=\"icofont icofont-speed-meter\"><\/i> 21.000 km<\/li>\n\t\t\t\t<li class=\"transmission\"><i class=\"fa fa-calendar-o\"><\/i> 2024<\/li>\n\t\t\t\t\t<li class=\"transmission\"><i class=\"auto-icon-gasoline\"><\/i> HIBRIDO<\/li>\n\t\t<\/ul>\n\n<\/div>\n<span class=\"price\"><span class=\"price-amount\"><span class=\"currency-symbol\">R$<\/span>264.800<\/span> <\/span>\n\n<div class=\"bottom-wrap\">\n\t<a class=\"al-button\" href=\"https:\/\/leomotorsveiculos.com.br\/novo\/listing\/hrv\/\" title=\"View HRV\">Detalhes\t<\/a>\n<\/div>\n\n\t<\/div>\n\n\t\n<\/li>\n\n<li class=\"col-3 post-12222 auto-listing type-auto-listing status-publish auto-listing-12222 has-thumbnail\">\n\t\n<div class=\"image\">\n\t<a href=\"https:\/\/leomotorsveiculos.com.br\/novo\/listing\/maverick-bege\/\" title=\"maverick bege\">\n\n\t\t\t\t\t<span style=\"background:#1e73be;color:#ffffff\" class=\"status Baixa Km\">\n\t\t\t\t\t\t\t\t<i class=\"auto-icon-odometer\"><\/i>\n\t\t\t\t\t\t\t\tBaixa Km\t\t\t<\/span>\n\t\t\n\t\t\n\t\t<img decoding=\"async\" alt=\"\" src=\"https:\/\/leomotorsveiculos.com.br\/novo\/wp-content\/uploads\/2026\/04\/WhatsApp-Image-2026-04-27-at-15.08.32-400x250.jpeg\" \/>\n\n\t<\/a>\n<\/div>\n\n<div class=\"at-a-glance\">\n\t<ul>\n\t\t\t<li class=\"odomoter\"><i class=\"icofont icofont-speed-meter\"><\/i> 31.000 km<\/li>\n\t\t\t\t<li class=\"transmission\"><i class=\"fa fa-calendar-o\"><\/i> 2024<\/li>\n\t\t\t\t\t<li class=\"transmission\"><i class=\"auto-icon-gasoline\"><\/i> GASOLINA<\/li>\n\t\t<\/ul>\n\n<\/div>\n\t<div class=\"summary\">\n\n\t\n<h3 class=\"title\">\n\t<a href=\"https:\/\/leomotorsveiculos.com.br\/novo\/listing\/maverick-bege\/\" title=\"maverick bege\">\n\t\t<span style=\"font-size:0.8rem; margin-bottom: -5px; letter-spacing: 0.2rem;\">FORD<\/span><br>\n\t\tMAVERICK 2.0 ECOBOOST LARIAT FX4 GASOLINA \t<\/a>\n<\/h3>\n\n<div class=\"at-a-glance\">\n\t<ul>\n\t\t\t<li class=\"odomoter\"><i class=\"icofont icofont-speed-meter\"><\/i> 31.000 km<\/li>\n\t\t\t\t<li class=\"transmission\"><i class=\"fa fa-calendar-o\"><\/i> 2024<\/li>\n\t\t\t\t\t<li class=\"transmission\"><i class=\"auto-icon-gasoline\"><\/i> GASOLINA<\/li>\n\t\t<\/ul>\n\n<\/div>\n<span class=\"price\"><span class=\"price-amount\"><span class=\"currency-symbol\">R$<\/span>179.800<\/span> <\/span>\n\n<div class=\"bottom-wrap\">\n\t<a class=\"al-button\" href=\"https:\/\/leomotorsveiculos.com.br\/novo\/listing\/maverick-bege\/\" title=\"View maverick bege\">Detalhes\t<\/a>\n<\/div>\n\n\t<\/div>\n\n\t\n<\/li>\n<\/ul><\/div>\n\t\t\t\t<\/div>\n\t\t\t\t<\/div>\n\t\t\t\t<div class=\"elementor-element elementor-element-2581b6d elementor-align-center elementor-invisible elementor-widget elementor-widget-button\" data-id=\"2581b6d\" data-element_type=\"widget\" data-settings=\"{&quot;_animation&quot;:&quot;bounceIn&quot;}\" data-widget_type=\"button.default\">\n\t\t\t\t<div class=\"elementor-widget-container\">\n\t\t\t\t\t<div class=\"elementor-button-wrapper\">\n\t\t\t<a class=\"elementor-button elementor-button-link elementor-size-md\" href=\"\/veiculos-2\">\n\t\t\t\t\t\t<span class=\"elementor-button-content-wrapper\">\n\t\t\t\t\t\t<span class=\"elementor-button-text\">Veja nosso estoque completo<\/span>\n\t\t<\/span>\n\t\t\t\t\t<\/a>\n\t\t<\/div>\n\t\t\t\t<\/div>\n\t\t\t\t<\/div>\n\t\t\t\t\t<\/div>\n\t\t<\/div>\n\t\t\t\t\t\t\t<\/div>\n\t\t<\/section>\n\t\t\t\t<section class=\"elementor-section elementor-top-section elementor-element elementor-element-5980406 elementor-section-stretched elementor-section-boxed elementor-section-height-default elementor-section-height-default\" data-id=\"5980406\" data-element_type=\"section\" data-settings=\"{&quot;stretch_section&quot;:&quot;section-stretched&quot;,&quot;background_background&quot;:&quot;classic&quot;}\">\n\t\t\t\t\t\t<div class=\"elementor-container elementor-column-gap-wider\">\n\t\t\t\t\t<div class=\"elementor-column elementor-col-100 elementor-top-column elementor-element elementor-element-9129cd2\" data-id=\"9129cd2\" data-element_type=\"column\">\n\t\t\t<div class=\"elementor-widget-wrap elementor-element-populated\">\n\t\t\t\t\t\t\t\t<section class=\"elementor-section elementor-inner-section elementor-element elementor-element-aba7732 elementor-section-boxed elementor-section-height-default elementor-section-height-default\" data-id=\"aba7732\" data-element_type=\"section\">\n\t\t\t\t\t\t<div class=\"elementor-container elementor-column-gap-default\">\n\t\t\t\t\t<div class=\"elementor-column elementor-col-50 elementor-inner-column elementor-element elementor-element-a2bfe73\" data-id=\"a2bfe73\" data-element_type=\"column\">\n\t\t\t<div class=\"elementor-widget-wrap elementor-element-populated\">\n\t\t\t\t\t\t\t\t<div class=\"elementor-element elementor-element-c285759 elementor-widget elementor-widget-video\" data-id=\"c285759\" data-element_type=\"widget\" data-settings=\"{&quot;video_type&quot;:&quot;hosted&quot;,&quot;controls&quot;:&quot;yes&quot;}\" data-widget_type=\"video.default\">\n\t\t\t\t<div class=\"elementor-widget-container\">\n\t\t\t<style>\/*! elementor - v3.14.0 - 26-06-2023 *\/\n.elementor-widget-video .elementor-widget-container{overflow:hidden;transform:translateZ(0)}.elementor-widget-video .elementor-wrapper{aspect-ratio:var(--video-aspect-ratio)}.elementor-widget-video .elementor-wrapper iframe,.elementor-widget-video .elementor-wrapper video{height:100%;width:100%;display:flex;border:none;background-color:#000}@supports not (aspect-ratio:1\/1){.elementor-widget-video .elementor-wrapper{position:relative;overflow:hidden;height:0;padding-bottom:calc(100% \/ var(--video-aspect-ratio))}.elementor-widget-video .elementor-wrapper iframe,.elementor-widget-video .elementor-wrapper video{position:absolute;top:0;right:0;bottom:0;left:0}}.elementor-widget-video .elementor-open-inline .elementor-custom-embed-image-overlay{position:absolute;top:0;left:0;width:100%;height:100%;background-size:cover;background-position:50%}.elementor-widget-video .elementor-custom-embed-image-overlay{cursor:pointer;text-align:center}.elementor-widget-video .elementor-custom-embed-image-overlay:hover .elementor-custom-embed-play i{opacity:1}.elementor-widget-video .elementor-custom-embed-image-overlay img{display:block;width:100%}.elementor-widget-video .e-hosted-video .elementor-video{-o-object-fit:cover;object-fit:cover}.e-con-inner>.elementor-widget-video,.e-con>.elementor-widget-video{width:var(--container-widget-width);--flex-grow:var(--container-widget-flex-grow)}<\/style>\t\t<div class=\"e-hosted-video elementor-wrapper elementor-open-inline\">\n\t\t\t\t\t<video class=\"elementor-video\" src=\"https:\/\/novo.leomotorsveiculos.com.br\/wp-content\/uploads\/2023\/07\/LeoMotorsNovo.mp4\" controls=\"\" preload=\"auto\" controlsList=\"nodownload\"><\/video>\n\t\t\t\t<\/div>\n\t\t\t\t<\/div>\n\t\t\t\t<\/div>\n\t\t\t\t\t<\/div>\n\t\t<\/div>\n\t\t\t\t<div class=\"elementor-column elementor-col-50 elementor-inner-column elementor-element elementor-element-3f8a360\" data-id=\"3f8a360\" data-element_type=\"column\">\n\t\t\t<div class=\"elementor-widget-wrap elementor-element-populated\">\n\t\t\t\t\t\t\t\t<div class=\"elementor-element elementor-element-f3b4807 elementor-widget elementor-widget-heading\" data-id=\"f3b4807\" data-element_type=\"widget\" data-widget_type=\"heading.default\">\n\t\t\t\t<div class=\"elementor-widget-container\">\n\t\t\t<h4 class=\"elementor-heading-title elementor-size-default\">Estamos no mercado h\u00e1 mais de 25 anos e sempre carregamos conosco o prop\u00f3sito de realizar sonhos com vendas de autom\u00f3veis.<\/h4>\t\t<\/div>\n\t\t\t\t<\/div>\n\t\t\t\t<div class=\"elementor-element elementor-element-40810a8 elementor-widget elementor-widget-text-editor\" data-id=\"40810a8\" data-element_type=\"widget\" data-widget_type=\"text-editor.default\">\n\t\t\t\t<div class=\"elementor-widget-container\">\n\t\t\t\t\t\t\t<p>Inauguramos nosso novo espa\u00e7o, mais moderno e confort\u00e1vel para nossos clientes e amigos e com ele uma nova fase em nosso neg\u00f3cio<\/p>\t\t\t\t\t\t<\/div>\n\t\t\t\t<\/div>\n\t\t<div class=\"elementor-element elementor-element-06188f3 e-flex e-con-boxed e-con\" data-id=\"06188f3\" data-element_type=\"container\" data-settings=\"{&quot;content_width&quot;:&quot;boxed&quot;}\">\n\t\t\t\t\t<div class=\"e-con-inner\">\n\t\t\t\t<div class=\"elementor-element elementor-element-f28afef elementor-widget elementor-widget-text-editor\" data-id=\"f28afef\" data-element_type=\"widget\" data-widget_type=\"text-editor.default\">\n\t\t\t\t<div class=\"elementor-widget-container\">\n\t\t\t\t\t\t\t<div id=\"nta-wabutton-481\" style=\"margin: 30px 0 30px;\"><a target=\"_blank\" href=\"https:\/\/web.whatsapp.com\/send?phone=5511940018173&#038;text=Ol\u00e1, estou na p\u00e1gina ** do seu site e gostaria de mais informa\u00e7\u00f5es . https:\/\/leomotorsveiculos.com.br\/novo\/wp-json\/wp\/v2\/pages\/1678\" class=\"wa__button wa__r_button wa__stt_online wa__btn_w_icon \"><div class=\"wa__btn_icon\"><img decoding=\"async\" src=\"https:\/\/leomotorsveiculos.com.br\/novo\/wp-content\/plugins\/whatsapp-for-wordpress\/assets\/img\/whatsapp_logo.svg\" alt=\"img\"\/><\/div><div class=\"wa__btn_txt\"><div class=\"wa__cs_info\"><div class=\"wa__cs_name\">Leo Motors Ve\u00edculos<\/div><div class=\"wa__cs_status\">Online<\/div><\/div><div class=\"wa__btn_title\">Fale conosco pelo Whatsapp<\/div><\/div><\/a><\/div>\t\t\t\t\t\t<\/div>\n\t\t\t\t<\/div>\n\t\t\t\t\t<\/div>\n\t\t\t\t<\/div>\n\t\t\t\t\t<\/div>\n\t\t<\/div>\n\t\t\t\t\t\t\t<\/div>\n\t\t<\/section>\n\t\t\t\t\t<\/div>\n\t\t<\/div>\n\t\t\t\t\t\t\t<\/div>\n\t\t<\/section>\n\t\t\t\t\t\t\t<\/div>\n\t\t","protected":false},"excerpt":{"rendered":"<p>PAIX\u00c3O POR AUTOM\u00d3VEIS \u00c9 O QUE NOS MOTIVA Rua Maria Curupaiti, 441 Sala 3G &#8211; S\u00e3o Paulo &#8211; SP \u00a0(11) 2249-0000|Fale conosco agora:\u00a0\u00a0 11\u00a094001-8173 NOVIDADES NO ESTOQUE Veja nosso estoque completo https:\/\/novo.leomotorsveiculos.com.br\/wp-content\/uploads\/2023\/07\/LeoMotorsNovo.mp4 Estamos no mercado h\u00e1 mais de 25 anos e sempre carregamos conosco o prop\u00f3sito de realizar sonhos com&hellip; <\/p>\n<p class=\"link-more\"><a href=\"https:\/\/leomotorsveiculos.com.br\/novo\/listing\/maverick-bege\/\" class=\"more-link\">Read More<span class=\"screen-reader-text\">maverick bege<\/span><\/a><\/p>\n","protected":false},"author":1,"featured_media":0,"parent":0,"menu_order":0,"comment_status":"closed","ping_status":"closed","template":"elementor_header_footer","meta":{"footnotes":""},"class_list":["post-1678","page","type-page","status-publish","hentry"],"aioseo_notices":[],"_links":{"self":[{"href":"https:\/\/leomotorsveiculos.com.br\/novo\/wp-json\/wp\/v2\/pages\/1678","targetHints":{"allow":["GET"]}}],"collection":[{"href":"https:\/\/leomotorsveiculos.com.br\/novo\/wp-json\/wp\/v2\/pages"}],"about":[{"href":"https:\/\/leomotorsveiculos.com.br\/novo\/wp-json\/wp\/v2\/types\/page"}],"author":[{"embeddable":true,"href":"https:\/\/leomotorsveiculos.com.br\/novo\/wp-json\/wp\/v2\/users\/1"}],"replies":[{"embeddable":true,"href":"https:\/\/leomotorsveiculos.com.br\/novo\/wp-json\/wp\/v2\/comments?post=1678"}],"version-history":[{"count":227,"href":"https:\/\/leomotorsveiculos.com.br\/novo\/wp-json\/wp\/v2\/pages\/1678\/revisions"}],"predecessor-version":[{"id":2608,"href":"https:\/\/leomotorsveiculos.com.br\/novo\/wp-json\/wp\/v2\/pages\/1678\/revisions\/2608"}],"wp:attachment":[{"href":"https:\/\/leomotorsveiculos.com.br\/novo\/wp-json\/wp\/v2\/media?parent=1678"}],"curies":[{"name":"wp","href":"https:\/\/api.w.org\/{rel}","templated":true}]}}